{"id":1938,"date":"2020-03-04T15:43:52","date_gmt":"2020-03-04T15:43:52","guid":{"rendered":"https:\/\/demo06.houzez.co\/?page_id=1938"},"modified":"2021-07-10T18:30:05","modified_gmt":"2021-07-10T16:30:05","slug":"saelg","status":"publish","type":"page","link":"https:\/\/tandfeen.dk\/en\/saelg\/","title":{"rendered":"S\u00e6lg"},"content":{"rendered":"\t\t<div data-elementor-type=\"wp-page\" data-elementor-id=\"1938\" class=\"elementor elementor-1938\">\n\t\t\t\t\t\t<section class=\"elementor-section elementor-top-section elementor-element elementor-element-1f7e6a74 elementor-section-boxed elementor-section-height-default elementor-section-height-default\" data-id=\"1f7e6a74\" data-element_type=\"section\" data-e-type=\"section\" data-settings=\"{&quot;background_background&quot;:&quot;classic&quot;}\">\n\t\t\t\t\t\t\t<div class=\"elementor-background-overlay\"><\/div>\n\t\t\t\t\t\t\t<div class=\"elementor-container elementor-column-gap-wider\">\n\t\t\t\t\t<div class=\"elementor-column elementor-col-66 elementor-top-column elementor-element elementor-element-6b7136d3\" data-id=\"6b7136d3\" data-element_type=\"column\" data-e-type=\"column\">\n\t\t\t<div class=\"elementor-widget-wrap elementor-element-populated\">\n\t\t\t\t\t\t<div class=\"elementor-element elementor-element-74d69cdf elementor-widget elementor-widget-houzez_elementor_space\" data-id=\"74d69cdf\" data-element_type=\"widget\" data-e-type=\"widget\" data-widget_type=\"houzez_elementor_space.default\">\n\t\t\t\t<div class=\"elementor-widget-container\">\n\t\t\t\t\t        <div class=\"houzez-spacer\">\n            <div class=\"houzez-spacer-inner\"><\/div>\n        <\/div>\n        \t\t\t\t<\/div>\n\t\t\t\t<\/div>\n\t\t\t\t<section class=\"elementor-section elementor-inner-section elementor-element elementor-element-133b3217 animated-slow elementor-section-boxed elementor-section-height-default elementor-section-height-default elementor-invisible\" data-id=\"133b3217\" data-element_type=\"section\" data-e-type=\"section\" data-settings=\"{&quot;background_background&quot;:&quot;classic&quot;,&quot;animation&quot;:&quot;fadeIn&quot;}\">\n\t\t\t\t\t\t<div class=\"elementor-container elementor-column-gap-no\">\n\t\t\t\t\t<div class=\"elementor-column elementor-col-100 elementor-inner-column elementor-element elementor-element-7247dc45\" data-id=\"7247dc45\" data-element_type=\"column\" data-e-type=\"column\">\n\t\t\t<div class=\"elementor-widget-wrap elementor-element-populated\">\n\t\t\t\t\t\t<div class=\"elementor-element elementor-element-46fb7198 elementor-widget elementor-widget-text-editor\" data-id=\"46fb7198\" data-element_type=\"widget\" data-e-type=\"widget\" data-widget_type=\"text-editor.default\">\n\t\t\t\t<div class=\"elementor-widget-container\">\n\t\t\t\t\t\t\t\t\t<h3>G\u00e5r du med salgstanker?<\/h3><p>Udfyld kontaktformularen, og jeg vender tilbage hurtigst muligt.<\/p>\t\t\t\t\t\t\t\t<\/div>\n\t\t\t\t<\/div>\n\t\t\t\t<div class=\"elementor-element elementor-element-262f2ca9 elementor-button-align-stretch elementor-widget elementor-widget-houzez_elementor_inquiry_form\" data-id=\"262f2ca9\" data-element_type=\"widget\" data-e-type=\"widget\" data-widget_type=\"houzez_elementor_inquiry_form.default\">\n\t\t\t\t<div class=\"elementor-widget-container\">\n\t\t\t\t\t\n        <script type=\"application\/javascript\">\n            jQuery(document).bind(\"ready\", function () {\n                houzezValidateElementor(\"#houzez-form-262f2ca9\" );\n            });\n        <\/script>\n\n\n        <form class=\"elementor-form houzez-ele-form-js\" id=\"houzez-form-262f2ca9\" method=\"post\" name=\"New Form\" action=\"https:\/\/tandfeen.dk\/wp-admin\/admin-ajax.php\">\n            <input type=\"hidden\" name=\"form_id\" value=\"262f2ca9\"\/>\n            <input type=\"hidden\" name=\"action\" value=\"houzez_ele_inquiry_form\" \/>\n            <input type=\"hidden\" name=\"source_link\" value=\"https:\/\/tandfeen.dk\/en\/saelg\/\" \/>\n            <input type=\"hidden\" name=\"lead_page_id\" value=\"1938\" \/>\n            <input type=\"hidden\" name=\"is_estimation\" value=\"yes\" \/>\n            <input type=\"hidden\" name=\"webhook\" value=\"false\" \/>\n            <input type=\"hidden\" name=\"webhook_url\" value=\"\" \/>\n            <input type=\"hidden\" name=\"redirect_to\" value=\"\" \/>\n            <input type=\"hidden\" name=\"email_subject\" value=\"Ny besked fra &quot;Tandfeen 01&quot;\" \/>\n            <input type=\"hidden\" name=\"google_recaptcha\" value=\"false\" \/>\n\n            <div class=\"elementor-form-fields-wrapper elementor-labels-above\">\n\n                                    <div class=\"elementor-field-group elementor-column form-group elementor-field-group-ba6c34c elementor-col-100 elementor-field-required\">\n                    <label for=\"form-field-ba6c34c\" class=\"form-label elementor-field-label\">Klinik<\/label>        <div class=\"elementor-field elementor-select-wrapper\">\n            <select name=\"enquiry_type\" id=\"form-field-ba6c34c\" class=\"elementor-field-textual form-control elementor-size-md\" required=\"required\" title=\"* Klinik\">\n                <option value=\"\">V\u00e6lg<\/option><option value=\"kun kartotek\">kun kartotek<\/value><option value=\"klinik - lejede lokaler\"> klinik - lejede lokaler<\/value><option value=\"klinik - lejlighed \/ ejendom meds\u00e6lges\"> klinik - lejlighed \/ ejendom meds\u00e6lges<\/value>            <\/select>\n        <\/div>\n                            <\/div>\n\n                                        <div class=\"elementor-field-group elementor-column form-group elementor-field-group-b7fe77d elementor-col-100 elementor-field-required\">\n                    <label for=\"form-field-b7fe77d\" class=\"form-label elementor-field-label\">Information<\/label>        <div class=\"elementor-field elementor-select-wrapper\">\n            <select name=\"user_type\" id=\"form-field-b7fe77d\" class=\"elementor-field-textual form-control elementor-size-md\" required=\"required\" title=\"* Information\">\n                <option value=\"\">Jeg er<\/option><option value=\"Klinikejer\">Klinikejer<\/option><option value=\"K\u00e6derepr\u00e6sentant\">K\u00e6derepr\u00e6sentant<\/option><option value=\"Advokat \/ revisor\">Advokat \/ revisor<\/option>            <\/select>\n        <\/div>\n                            <\/div>\n\n                                        <div class=\"elementor-field-group elementor-column form-group elementor-field-group-cc6b92f elementor-col-50 elementor-field-required\">\n                    <input type=\"text\" name=\"first_name\" id=\"form-field-cc6b92f\" class=\"elementor-field form-control elementor-size-md elementor-field-textual\" placeholder=\"Fornavn\" title=\"* Fornavn\" required=\"required\">                    <\/div>\n\n                                        <div class=\"elementor-field-group elementor-column form-group elementor-field-group-3cc124e elementor-col-50\">\n                    <input type=\"text\" name=\"last_name\" id=\"form-field-3cc124e\" class=\"elementor-field form-control elementor-size-md elementor-field-textual\" placeholder=\"Efternavn\" title=\"* Efternavn\">                    <\/div>\n\n                                        <div class=\"elementor-field-group elementor-column form-group elementor-field-group-932d82c elementor-col-50 elementor-field-required\">\n                    <input type=\"email\" name=\"email\" id=\"form-field-932d82c\" class=\"elementor-field form-control elementor-size-md elementor-field-textual\" placeholder=\"Email\" title=\"* Email\" required=\"required\">                    <\/div>\n\n                                        <div class=\"elementor-field-group elementor-column form-group elementor-field-group-304b68f elementor-col-50 elementor-field-required\">\n                    <input type=\"text\" name=\"mobile\" id=\"form-field-304b68f\" class=\"elementor-field form-control elementor-size-md elementor-field-textual\" placeholder=\"Tlf.\" title=\"* Tlf.\" required=\"required\">                    <\/div>\n\n                                        <div class=\"elementor-field-group elementor-column form-group elementor-field-group-bf1d035 elementor-col-50 elementor-field-required\">\n                    <label for=\"form-field-bf1d035\" class=\"form-label elementor-field-label\">Klinik beliggenhed<\/label>        <div class=\"elementor-field elementor-select-wrapper\">\n            <select name=\"e_meta[area]\" id=\"form-field-bf1d035\" class=\"elementor-field-textual form-control elementor-size-md\" required=\"required\" title=\"* Klinik beliggenhed\">\n                <option value=\"\">Region<\/option><option data-ref=\"hovedstaden\" data-belong=\"\" value=\"hovedstaden\"> Hovedstaden<\/option><option data-ref=\"midtjylland\" data-belong=\"aarhus\" value=\"midtjylland\"> Midtjylland<\/option><option data-ref=\"nordjylland\" data-belong=\"\" value=\"nordjylland\"> Nordjylland<\/option><option data-ref=\"sjaelland\" data-belong=\"\" value=\"sjaelland\"> Sj\u00e6lland<\/option><option data-ref=\"syddanmark\" data-belong=\"\" value=\"syddanmark\"> Syddanmark<\/option>            <\/select>\n        <\/div>\n                            <\/div>\n\n                                        <div class=\"elementor-field-group elementor-column form-group elementor-field-group-3b150f5 elementor-col-50\">\n                    <label for=\"form-field-3b150f5\" class=\"form-label elementor-field-label\">&nbsp;<\/label><input type=\"text\" name=\"e_meta[zipcode]\" id=\"form-field-3b150f5\" class=\"elementor-field form-control elementor-size-md elementor-field-textual\" placeholder=\"Postnr.\" title=\"* Postnr.\">                    <\/div>\n\n                                        <div class=\"elementor-field-group elementor-column form-group elementor-field-group-3180222 elementor-col-100 elementor-field-required\">\n                    <label for=\"form-field-3180222\" class=\"form-label elementor-field-label\">Klinikst\u00f8rrelse<\/label>        <div class=\"elementor-field elementor-select-wrapper\">\n            <select name=\"e_meta[property_type]\" id=\"form-field-3180222\" class=\"elementor-field-textual form-control elementor-size-md\" required=\"required\" title=\"* Klinikst\u00f8rrelse\">\n                <option value=\"\">V\u00e6lg<\/option><option value=\"enkeltmandspraksis\"> enkeltmandspraksis<\/option><option value=\"kartotek-klinikfaelleskab\"> kartotek \/ klinikf\u00e6lleskab<\/option><option value=\"stoerre-klinik\"> st\u00f8rre klinik<\/option>            <\/select>\n        <\/div>\n                            <\/div>\n\n                                        <div class=\"elementor-field-group elementor-column form-group elementor-field-group-c549d17 elementor-col-50 elementor-field-required\">\n                    <input type=\"number\" name=\"e_meta[price]\" id=\"form-field-c549d17\" class=\"elementor-field form-control elementor-size-md elementor-field-textual\" placeholder=\"\u00c5rlig oms\u00e6tning\" title=\"* \u00c5rlig oms\u00e6tning\" required=\"required\" min=\"0\">                    <\/div>\n\n                                        <div class=\"elementor-field-group elementor-column form-group elementor-field-group-e08cbcb elementor-col-50 elementor-field-required\">\n                    <input type=\"number\" name=\"e_meta[area-size]\" id=\"form-field-e08cbcb\" class=\"elementor-field form-control elementor-size-md elementor-field-textual\" placeholder=\"m2\" title=\"* m2\" required=\"required\" min=\"0\">                    <\/div>\n\n                                        <div class=\"elementor-field-group elementor-column form-group elementor-field-group-dea086f elementor-col-50 elementor-field-required\">\n                    <input type=\"number\" name=\"e_meta[baths]\" id=\"form-field-dea086f\" class=\"elementor-field form-control elementor-size-md elementor-field-textual\" placeholder=\"Antal patienter\" title=\"* Antal patienter\" required=\"required\" min=\"0\">                    <\/div>\n\n                                        <div class=\"elementor-field-group elementor-column form-group elementor-field-group-66cc0de elementor-col-50 elementor-field-required\">\n                    <input type=\"number\" name=\"e_meta[beds]\" id=\"form-field-66cc0de\" class=\"elementor-field form-control elementor-size-md elementor-field-textual\" placeholder=\"Behandlerrum\" title=\"* Behandlerrum\" required=\"required\" min=\"0\">                    <\/div>\n\n                                        <div class=\"elementor-field-group elementor-column form-group elementor-field-group-95c61a9 elementor-col-100\">\n                    <label for=\"form-field-95c61a9\" class=\"form-label elementor-field-label\">Besked<\/label><textarea class=\"elementor-field-textual elementor-field elementor-size-md\" name=\"message\" id=\"form-field-95c61a9\" rows=\"4\"><\/textarea>                    <\/div>\n\n                    \n                    \n                    \n                    \n                    \n                    <div class=\"elementor-field-group elementor-column elementor-field-type-submit elementor-col-100\">\n                    <button type=\"submit\" class=\"houzez-submit-button houzez-contact-form-js elementor-button elementor-size-md\">\n                        <i class=\"houzez-loader-js houzez-hidden spinner-border spinner-border-sm\"><\/i>\n                                                    Send                                            <\/button>\n                <\/div>\n            <\/div><!-- End wrapper-->\n            <br\/>\n            <div class=\"ele-form-messages\"><\/div>\n            <div class=\"error-container\"><\/div>\n\n        <\/form>\n\n    \t\t\t\t<\/div>\n\t\t\t\t<\/div>\n\t\t\t\t\t<\/div>\n\t\t<\/div>\n\t\t\t\t\t<\/div>\n\t\t<\/section>\n\t\t\t\t<div class=\"elementor-element elementor-element-7667451a elementor-widget elementor-widget-spacer\" data-id=\"7667451a\" data-element_type=\"widget\" data-e-type=\"widget\" data-widget_type=\"spacer.default\">\n\t\t\t\t<div class=\"elementor-widget-container\">\n\t\t\t\t\t\t\t<div class=\"elementor-spacer\">\n\t\t\t<div class=\"elementor-spacer-inner\"><\/div>\n\t\t<\/div>\n\t\t\t\t\t\t<\/div>\n\t\t\t\t<\/div>\n\t\t\t\t\t<\/div>\n\t\t<\/div>\n\t\t\t\t<div class=\"elementor-column elementor-col-33 elementor-top-column elementor-element elementor-element-e6436f6\" data-id=\"e6436f6\" data-element_type=\"column\" data-e-type=\"column\">\n\t\t\t<div class=\"elementor-widget-wrap elementor-element-populated\">\n\t\t\t\t\t\t<div class=\"elementor-element elementor-element-c5ddc92 elementor-widget elementor-widget-houzez_elementor_space\" data-id=\"c5ddc92\" data-element_type=\"widget\" data-e-type=\"widget\" data-widget_type=\"houzez_elementor_space.default\">\n\t\t\t\t<div class=\"elementor-widget-container\">\n\t\t\t\t\t        <div class=\"houzez-spacer\">\n            <div class=\"houzez-spacer-inner\"><\/div>\n        <\/div>\n        \t\t\t\t<\/div>\n\t\t\t\t<\/div>\n\t\t\t\t<section class=\"elementor-section elementor-inner-section elementor-element elementor-element-95a5b61 animated-slow elementor-section-boxed elementor-section-height-default elementor-section-height-default elementor-invisible\" data-id=\"95a5b61\" data-element_type=\"section\" data-e-type=\"section\" data-settings=\"{&quot;background_background&quot;:&quot;classic&quot;,&quot;animation&quot;:&quot;fadeIn&quot;}\">\n\t\t\t\t\t\t<div class=\"elementor-container elementor-column-gap-no\">\n\t\t\t\t\t<div class=\"elementor-column elementor-col-100 elementor-inner-column elementor-element elementor-element-e3fa5c0\" data-id=\"e3fa5c0\" data-element_type=\"column\" data-e-type=\"column\">\n\t\t\t<div class=\"elementor-widget-wrap elementor-element-populated\">\n\t\t\t\t\t\t<div class=\"elementor-element elementor-element-703e7fc elementor-widget elementor-widget-houzez_elementor_section_title\" data-id=\"703e7fc\" data-element_type=\"widget\" data-e-type=\"widget\" data-widget_type=\"houzez_elementor_section_title.default\">\n\t\t\t\t<div class=\"elementor-widget-container\">\n\t\t\t\t\t            <div class=\"houzez_section_title_wrap section-title-module\">\n                                    <h2 class=\"houzez_section_title\">Helle L\u00f8hde<\/h2>\n                \n                                    <p class=\"houzez_section_subtitle\">Tandl\u00e6ge & Klinikm\u00e6gler<\/p>\n                            <\/div>\n            \t\t\t\t<\/div>\n\t\t\t\t<\/div>\n\t\t\t\t<div class=\"elementor-element elementor-element-6333d25 elementor-align-start elementor-icon-list--layout-traditional elementor-list-item-link-full_width elementor-widget elementor-widget-icon-list\" data-id=\"6333d25\" data-element_type=\"widget\" data-e-type=\"widget\" data-widget_type=\"icon-list.default\">\n\t\t\t\t<div class=\"elementor-widget-container\">\n\t\t\t\t\t\t\t<ul class=\"elementor-icon-list-items\">\n\t\t\t\t\t\t\t<li class=\"elementor-icon-list-item\">\n\t\t\t\t\t\t\t\t\t\t\t<a href=\"tel:+4526225459\">\n\n\t\t\t\t\t\t\t\t\t\t\t\t<span class=\"elementor-icon-list-icon\">\n\t\t\t\t\t\t\t<svg aria-hidden=\"true\" class=\"e-font-icon-svg e-fab-whatsapp\" viewBox=\"0 0 448 512\" xmlns=\"http:\/\/www.w3.org\/2000\/svg\"><path d=\"M380.9 97.1C339 55.1 283.2 32 223.9 32c-122.4 0-222 99.6-222 222 0 39.1 10.2 77.3 29.6 111L0 480l117.7-30.9c32.4 17.7 68.9 27 106.1 27h.1c122.3 0 224.1-99.6 224.1-222 0-59.3-25.2-115-67.1-157zm-157 341.6c-33.2 0-65.7-8.9-94-25.7l-6.7-4-69.8 18.3L72 359.2l-4.4-7c-18.5-29.4-28.2-63.3-28.2-98.2 0-101.7 82.8-184.5 184.6-184.5 49.3 0 95.6 19.2 130.4 54.1 34.8 34.9 56.2 81.2 56.1 130.5 0 101.8-84.9 184.6-186.6 184.6zm101.2-138.2c-5.5-2.8-32.8-16.2-37.9-18-5.1-1.9-8.8-2.8-12.5 2.8-3.7 5.6-14.3 18-17.6 21.8-3.2 3.7-6.5 4.2-12 1.4-32.6-16.3-54-29.1-75.5-66-5.7-9.8 5.7-9.1 16.3-30.3 1.8-3.7.9-6.9-.5-9.7-1.4-2.8-12.5-30.1-17.1-41.2-4.5-10.8-9.1-9.3-12.5-9.5-3.2-.2-6.9-.2-10.6-.2-3.7 0-9.7 1.4-14.8 6.9-5.1 5.6-19.4 19-19.4 46.3 0 27.3 19.9 53.7 22.6 57.4 2.8 3.7 39.1 59.7 94.8 83.8 35.2 15.2 49 16.5 66.6 13.9 10.7-1.6 32.8-13.4 37.4-26.4 4.6-13 4.6-24.1 3.2-26.4-1.3-2.5-5-3.9-10.5-6.6z\"><\/path><\/svg>\t\t\t\t\t\t<\/span>\n\t\t\t\t\t\t\t\t\t\t<span class=\"elementor-icon-list-text\">+45 26225459<\/span>\n\t\t\t\t\t\t\t\t\t\t\t<\/a>\n\t\t\t\t\t\t\t\t\t<\/li>\n\t\t\t\t\t\t\t\t<li class=\"elementor-icon-list-item\">\n\t\t\t\t\t\t\t\t\t\t\t<a href=\"mailto:post@tandfeen.dk\">\n\n\t\t\t\t\t\t\t\t\t\t\t\t<span class=\"elementor-icon-list-icon\">\n\t\t\t\t\t\t\t<svg aria-hidden=\"true\" class=\"e-font-icon-svg e-far-envelope\" viewBox=\"0 0 512 512\" xmlns=\"http:\/\/www.w3.org\/2000\/svg\"><path d=\"M464 64H48C21.49 64 0 85.49 0 112v288c0 26.51 21.49 48 48 48h416c26.51 0 48-21.49 48-48V112c0-26.51-21.49-48-48-48zm0 48v40.805c-22.422 18.259-58.168 46.651-134.587 106.49-16.841 13.247-50.201 45.072-73.413 44.701-23.208.375-56.579-31.459-73.413-44.701C106.18 199.465 70.425 171.067 48 152.805V112h416zM48 400V214.398c22.914 18.251 55.409 43.862 104.938 82.646 21.857 17.205 60.134 55.186 103.062 54.955 42.717.231 80.509-37.199 103.053-54.947 49.528-38.783 82.032-64.401 104.947-82.653V400H48z\"><\/path><\/svg>\t\t\t\t\t\t<\/span>\n\t\t\t\t\t\t\t\t\t\t<span class=\"elementor-icon-list-text\">post@tandfeen.dk<\/span>\n\t\t\t\t\t\t\t\t\t\t\t<\/a>\n\t\t\t\t\t\t\t\t\t<\/li>\n\t\t\t\t\t\t<\/ul>\n\t\t\t\t\t\t<\/div>\n\t\t\t\t<\/div>\n\t\t\t\t\t<\/div>\n\t\t<\/div>\n\t\t\t\t\t<\/div>\n\t\t<\/section>\n\t\t\t\t\t<\/div>\n\t\t<\/div>\n\t\t\t\t\t<\/div>\n\t\t<\/section>\n\t\t\t\t<\/div>\n\t\t","protected":false},"excerpt":{"rendered":"<p>G\u00e5r du med salgstanker? Udfyld kontaktformularen, og jeg vender tilbage hurtigst muligt. Klinik V\u00e6lgkun kartotek klinik &#8211; lejede lokaler klinik &#8211; lejlighed \/ ejendom meds\u00e6lges Information Jeg erKlinikejerK\u00e6derepr\u00e6sentantAdvokat \/ revisor Klinik beliggenhed Region Hovedstaden Midtjylland Nordjylland Sj\u00e6lland Syddanmark &nbsp; Klinikst\u00f8rrelse V\u00e6lg enkeltmandspraksis kartotek \/ klinikf\u00e6lleskab st\u00f8rre klinik Besked Send Helle L\u00f8hde Tandl\u00e6ge &#038; Klinikm\u00e6gler +45 [&hellip;]<\/p>\n","protected":false},"author":1,"featured_media":0,"parent":0,"menu_order":0,"comment_status":"closed","ping_status":"closed","template":"template\/template-homepage.php","meta":{"footnotes":""},"class_list":["post-1938","page","type-page","status-publish","hentry"],"_links":{"self":[{"href":"https:\/\/tandfeen.dk\/en\/wp-json\/wp\/v2\/pages\/1938","targetHints":{"allow":["GET"]}}],"collection":[{"href":"https:\/\/tandfeen.dk\/en\/wp-json\/wp\/v2\/pages"}],"about":[{"href":"https:\/\/tandfeen.dk\/en\/wp-json\/wp\/v2\/types\/page"}],"author":[{"embeddable":true,"href":"https:\/\/tandfeen.dk\/en\/wp-json\/wp\/v2\/users\/1"}],"replies":[{"embeddable":true,"href":"https:\/\/tandfeen.dk\/en\/wp-json\/wp\/v2\/comments?post=1938"}],"version-history":[{"count":55,"href":"https:\/\/tandfeen.dk\/en\/wp-json\/wp\/v2\/pages\/1938\/revisions"}],"predecessor-version":[{"id":3364,"href":"https:\/\/tandfeen.dk\/en\/wp-json\/wp\/v2\/pages\/1938\/revisions\/3364"}],"wp:attachment":[{"href":"https:\/\/tandfeen.dk\/en\/wp-json\/wp\/v2\/media?parent=1938"}],"curies":[{"name":"wp","href":"https:\/\/api.w.org\/{rel}","templated":true}]}}