{"id":3088,"date":"2021-05-22T15:50:05","date_gmt":"2021-05-22T13:50:05","guid":{"rendered":"https:\/\/tandfeen.dk\/?page_id=3088"},"modified":"2021-05-26T16:26:36","modified_gmt":"2021-05-26T14:26:36","slug":"vilkaar-og-betingelser","status":"publish","type":"page","link":"https:\/\/tandfeen.dk\/en\/vilkaar-og-betingelser\/","title":{"rendered":"Vilk\u00e5r og betingelser"},"content":{"rendered":"<p><i>Vilk\u00e5rene blev sidst opdateret den 16. maj 2021<\/i><\/p>\n<h4>1. Introduktion<\/h4>\n<p>Disse vilk\u00e5r og betingelser g\u00e6lder for dette websted og for transaktioner relateret til vores produkter og tjenester.\u00a0Du kan v\u00e6re bundet af yderligere kontrakter relateret til dit forhold til os eller andre produkter eller tjenester, som du modtager fra os.\u00a0Hvis nogen af \u200b\u200bbestemmelserne i de supplerende kontrakter er i modstrid med bestemmelserne i disse Vilk\u00e5r, vil bestemmelserne i disse supplerende kontrakter kontrollere og have forrang.<\/p>\n<h4>2. Binding<\/h4>\n<p>Ved at tilmelde dig, f\u00e5 adgang til eller p\u00e5 anden m\u00e5de bruger dette websted accepterer du hermed at v\u00e6re bundet af disse vilk\u00e5r og betingelser beskrevet nedenfor.\u00a0Den blotte brug af dette websted indeb\u00e6rer kendskab til og accept af disse vilk\u00e5r og betingelser.\u00a0I nogle s\u00e6rlige tilf\u00e6lde kan vi ogs\u00e5 bede dig om udtrykkeligt at v\u00e6re enig.<\/p>\n<h4>3. Elektronisk kommunikation<\/h4>\n<p>Ved at bruge dette websted eller kommunikere med os p\u00e5 elektronisk m\u00e5de accepterer du og anerkender, at vi kan kommunikere med dig elektronisk p\u00e5 vores websted eller ved at sende en e-mail til dig, og du accepterer, at alle aftaler, meddelelser, afsl\u00f8ringer og anden kommunikation, som vi giver dig elektronisk opfylder ethvert juridisk krav, herunder men ikke begr\u00e6nset til kravet om, at en s\u00e5dan kommunikation skal v\u00e6re skriftlig.<\/p>\n<h4>4. Intellektuel ejendomsret<\/h4>\n<p>Vi eller vores licensgivere ejer og kontrollerer al ophavsret og andre intellektuelle ejendomsrettigheder p\u00e5 hjemmesiden og de data, oplysninger og andre ressourcer, der vises eller er tilg\u00e6ngelige p\u00e5 hjemmesiden.<\/p>\n<p class=\"cmplz-subtitle\"><strong>4.1 Alle rettigheder forbeholdes<\/strong><\/p>\n<p>Medmindre specifikt indhold dikterer andet, tildeles du ikke en licens eller nogen anden rettighed under ophavsret, varem\u00e6rke, patent eller andre intellektuelle ejendomsrettigheder.\u00a0Dette betyder, at du ikke vil bruge, kopiere, reproducere, udf\u00f8re, vise, distribuere, integrere i noget elektronisk medium, \u00e6ndre, reverse engineer, dekompilere, overf\u00f8re, downloade, transmittere, tjene penge, s\u00e6lge, markedsf\u00f8re eller markedsf\u00f8re nogen ressourcer p\u00e5 dette websted i enhver form uden vores forudg\u00e5ende skriftlige tilladelse, undtagen og kun i det omfang andet er bestemt i reglerne om obligatorisk lovgivning (s\u00e5som retten til at citere).<\/p>\n<h4>5. Nyhedsbrev<\/h4>\n<p>Uanset ovenst\u00e5ende kan du sende vores nyhedsbrev i elektronisk form til andre, der kan v\u00e6re interesserede i at bes\u00f8ge vores websted.<\/p>\n<h4>6. Tredjeparts ejendom<\/h4>\n<p>Vores hjemmeside kan indeholde hyperlinks eller andre referencer til en anden parts websteder.\u00a0Vi overv\u00e5ger eller gennemg\u00e5r ikke indholdet p\u00e5 anden parts websteder, der er linket til fra dette websted.\u00a0Produkter eller tjenester, der tilbydes af andre websteder, er underlagt de g\u00e6ldende vilk\u00e5r og betingelser for disse tredjeparter.\u00a0Udtalelser eller materiale, der vises p\u00e5 disse websteder, deles ikke eller godkendes ikke af os.<\/p>\n<p>Vi er ikke ansvarlige for nogen fortrolighedspraksis eller indhold p\u00e5 disse websteder.\u00a0Du b\u00e6rer alle risici forbundet med brugen af \u200b\u200bdisse websteder og eventuelle relaterede tredjeparts tjenester.\u00a0Vi p\u00e5tager os intet ansvar for tab eller skader p\u00e5 nogen m\u00e5de, uanset hvordan det er for\u00e5rsaget af din videregivelse til tredjemand af personlige oplysninger.<\/p>\n<h4>7. Ansvarlig brug<\/h4>\n<p>Ved at bes\u00f8ge vores websted accepterer du kun at bruge det til de form\u00e5l, der er tilsigtet og som tilladt i disse vilk\u00e5r, eventuelle yderligere kontrakter med os og g\u00e6ldende love, forskrifter og almindeligt accepterede onlinepraksis og brancheretningslinjer.\u00a0Du m\u00e5 ikke anvende vores websted eller tjenester til at bruge, offentligg\u00f8re eller distribuere noget materiale, der best\u00e5r af (eller er knyttet til) ondsindet computersoftware;\u00a0bruge data indsamlet fra vores websted til enhver direkte markedsf\u00f8ringsaktivitet eller gennemf\u00f8re systematiske eller automatiserede dataindsamlingsaktiviteter p\u00e5 eller i relation til vores websted.<\/p>\n<p>Det er strengt forbudt at engagere sig i enhver aktivitet, der for\u00e5rsager eller kan for\u00e5rsage skade p\u00e5 hjemmesiden, eller som forstyrrer ydeevnen, tilg\u00e6ngeligheden eller tilg\u00e6ngeligheden af \u200b\u200bhjemmesiden.<\/p>\n<h4>8. Registrering<\/h4>\n<p>Du kan tilmelde dig en konto p\u00e5 vores hjemmeside.\u00a0Under denne proces kan du blive bedt om at v\u00e6lge en adgangskode.\u00a0Du er ansvarlig for at opretholde fortroligheden af \u200b\u200badgangskoder og kontooplysninger og accepterer ikke at dele dine adgangskoder, kontooplysninger eller sikret adgang til vores websted eller tjenester med nogen anden person.\u00a0Du m\u00e5 ikke tillade nogen anden person at bruge din konto til at f\u00e5 adgang til webstedet, fordi du er ansvarlig for alle aktiviteter, der sker ved brug af dine adgangskoder eller konti.\u00a0Du skal straks underrette os, hvis du bliver opm\u00e6rksom p\u00e5, at din adgangskode afsl\u00f8res.<\/p>\n<p>Efter nedlukning af konto fors\u00f8ger du ikke at registrere en ny konto uden vores tilladelse.<\/p>\n<h4>9. Indhold indsendt af dig<\/h4>\n<p>Vi kan tilbyde forskellige \u00e5bne kommunikationsv\u00e6rkt\u00f8jer p\u00e5 vores hjemmeside, s\u00e5som blogkommentarer, blogindl\u00e6g, fora, opslagstavler, vurderinger og anmeldelser og forskellige sociale medietjenester.\u00a0Det er sandsynligvis ikke muligt for os at screene eller overv\u00e5ge alt indhold, som du eller andre m\u00e5tte dele eller sende p\u00e5 eller gennem vores websted.\u00a0Vi forbeholder os dog ret til at gennemg\u00e5 indholdet og overv\u00e5ge al brug af og aktivitet p\u00e5 vores websted og fjerne eller afvise alt indhold efter eget sk\u00f8n.\u00a0Ved at sende oplysninger eller p\u00e5 anden m\u00e5de bruge \u00e5bne kommunikationsv\u00e6rkt\u00f8jer som n\u00e6vnt, accepterer du, at dit indhold overholder disse vilk\u00e5r og betingelser og ikke m\u00e5 v\u00e6re ulovligt eller ulovligt eller kr\u00e6nke nogen persons juridiske rettigheder.<\/p>\n<h4>10. Ideafgivelse<\/h4>\n<p>Indsend ikke nogen ideer, opfindelser, forfatterv\u00e6rker eller anden information, der kan betragtes som din egen intellektuelle ejendom, som du gerne vil pr\u00e6sentere for os, medmindre vi f\u00f8rst har underskrevet en aftale om intellektuel ejendomsret eller en ikke-afsl\u00f8ringsaftale.\u00a0Hvis du videregiver det til os fra en s\u00e5dan skriftlig aftale, giver du os en verdensomsp\u00e6ndende, uigenkaldelig, ikke-eksklusiv, royaltyfri licens til at bruge, reproducere, gemme, tilpasse, offentligg\u00f8re, overs\u00e6tte og distribuere dit indhold i ethvert eksisterende eller fremtidigt medie .<\/p>\n<h4>11. Opsigelse af brug<\/h4>\n<p>Vi kan efter eget sk\u00f8n til enhver tid \u00e6ndre eller afbryde adgangen til, midlertidigt eller permanent, hjemmesiden eller enhver tjeneste derp\u00e5.\u00a0Du accepterer, at vi ikke er ansvarlige over for dig eller nogen tredjepart for en s\u00e5dan \u00e6ndring, suspension eller afbrydelse af din adgang til eller brug af hjemmesiden eller noget indhold, som du m\u00e5tte have delt p\u00e5 hjemmesiden.\u00a0Du har ikke ret til kompensation eller anden betaling, selvom visse funktioner, indstillinger og \/ eller noget indhold, som du har bidraget med eller er kommet til at bero p\u00e5, g\u00e5r tabt permanent.\u00a0Du m\u00e5 ikke omg\u00e5 eller fors\u00f8ge at omg\u00e5 nogen adgangsbegr\u00e6nsningsforanstaltninger p\u00e5 vores websted.<\/p>\n<h4>12. Garantier og ansvar<\/h4>\n<p>Intet i dette afsnit begr\u00e6nser eller udelukker enhver garanti, der er underforst\u00e5et ved lov, at det er ulovligt at begr\u00e6nse eller udelukke.\u00a0Dette websted og alt indhold p\u00e5 webstedet leveres p\u00e5 &#8220;som det er&#8221; og &#8220;som tilg\u00e6ngeligt&#8221; og kan indeholde un\u00f8jagtigheder eller typografiske fejl.\u00a0Vi fraskriver os udtrykkeligt alle garantier af enhver art, hvad enten det er udtrykkeligt eller underforst\u00e5et, med hensyn til tilg\u00e6ngeligheden, n\u00f8jagtigheden eller fuldst\u00e6ndigheden af \u200b\u200bindholdet.\u00a0Vi giver ingen garanti for, at:<\/p>\n<ul>\n<li>dette websted eller vores indhold vil opfylde dine krav;<\/li>\n<li>dette websted vil v\u00e6re tilg\u00e6ngeligt uafbrudt, rettidigt, sikkert eller fejlfrit.<\/li>\n<\/ul>\n<p>F\u00f8lgende bestemmelser i dette afsnit finder anvendelse i det maksimale omfang, der er tilladt i henhold til g\u00e6ldende lovgivning, og vil ikke begr\u00e6nse eller udelukke vores ansvar for ethvert sp\u00f8rgsm\u00e5l, som det ville v\u00e6re ulovligt eller ulovligt for os at begr\u00e6nse eller udelukke vores ansvar.\u00a0Vi er under ingen omst\u00e6ndigheder ansvarlige for direkte eller indirekte skader (inklusiv skader for tab af fortjeneste eller indt\u00e6gter, tab eller korruption af data, software eller database eller tab af eller skade p\u00e5 ejendom eller data), som du eller nogen tredjepart, der stammer fra din adgang til eller brug af vores hjemmeside.<\/p>\n<p>Bortset fra i det omfang en yderligere kontrakt udtrykkeligt angiver andet, er vores maksimale ansvar over for dig for alle skader, der opst\u00e5r p\u00e5 grund af eller relateret til hjemmesiden eller produkter og tjenester, der markedsf\u00f8res eller s\u00e6lges via hjemmesiden, uanset hvilken form for retssag der p\u00e5l\u00e6gger ansvar (hvad enten det er i kontrakt, egenkapital, uagtsomhed, tilsigtet adf\u00e6rd, erstatning eller andet) vil v\u00e6re begr\u00e6nset til den samlede pris, som du betalte til os for at k\u00f8be s\u00e5danne produkter eller tjenester eller bruge webstedet.\u00a0En s\u00e5dan gr\u00e6nse g\u00e6lder samlet for alle dine krav, handlinger og handlinger af enhver art.<\/p>\n<h4>13. Privatliv<\/h4>\n<p>For at f\u00e5 adgang til vores websted og \/ eller tjenester kan du blive bedt om at give visse oplysninger om dig selv som en del af registreringsprocessen.\u00a0Du accepterer, at alle oplysninger, du giver, altid vil v\u00e6re n\u00f8jagtige, korrekte og opdaterede.<\/p>\n<h4>14. Eksportrestriktioner \/ overholdelse af lovgivning<\/h4>\n<p>Adgang til webstedet fra territorier eller lande, hvor indholdet eller k\u00f8b af de produkter eller tjenester, der s\u00e6lges p\u00e5 webstedet, er ulovligt.\u00a0Du m\u00e5 ikke bruge dette websted i strid med Danmarks eksportlove og -bestemmelser.<\/p>\n<h4>15. Opgave<\/h4>\n<p>Du m\u00e5 ikke overdrage, overf\u00f8re eller underleverandere nogen af \u200b\u200bdine rettigheder og \/ eller forpligtelser i henhold til disse Vilk\u00e5r og betingelser, helt eller delvist, til nogen tredjepart uden vores forudg\u00e5ende skriftlige samtykke.\u00a0Enhver p\u00e5st\u00e5et opgave i strid med dette afsnit er ugyldig.<\/p>\n<h4>16. Overtr\u00e6delse af disse vilk\u00e5r og betingelser<\/h4>\n<p>Uden at det ber\u00f8rer vores andre rettigheder i henhold til disse vilk\u00e5r og betingelser, kan du, hvis du overtr\u00e6der disse vilk\u00e5r og betingelser p\u00e5 nogen m\u00e5de, tr\u00e6ffe s\u00e5danne handlinger, som vi finder passende for at h\u00e5ndtere overtr\u00e6delsen, herunder midlertidigt eller permanent at suspendere din adgang til hjemmesiden og kontakte din internetudbyder til at anmode om, at de blokerer din adgang til webstedet og \/ eller indleder retssager mod dig.<\/p>\n<h4>17. Force majeure<\/h4>\n<p>Bortset fra forpligtelser til at betale penge herunder betragtes ingen forsinkelse, manglende eller undladelse af nogen af \u200b\u200bparterne til at udf\u00f8re eller overholde nogen af \u200b\u200bsine forpligtelser nedenfor, som en overtr\u00e6delse af disse vilk\u00e5r og betingelser, hvis og s\u00e5 l\u00e6nge en s\u00e5dan forsinkelse, fejl eller undladelse stammer fra enhver \u00e5rsag, der ligger uden for denne parts rimelige kontrol.<\/p>\n<h4>18. Skadesl\u00f8sholdelse<\/h4>\n<p>Du accepterer at skadesl\u00f8se, forsvare og holde os uskadelige fra og mod ethvert krav, forpligtelser, skader, tab og udgifter i forbindelse med din overtr\u00e6delse af disse vilk\u00e5r og betingelser og g\u00e6ldende love, herunder intellektuelle ejendomsrettigheder og fortrolighedsrettigheder.\u00a0Du vil straks godtg\u00f8re os for vores skader, tab, omkostninger og udgifter i forbindelse med eller som f\u00f8lge af s\u00e5danne krav.<\/p>\n<h4>19. Afkald<\/h4>\n<p>Manglende h\u00e5ndh\u00e6velse af nogen af \u200b\u200bbestemmelserne i disse vilk\u00e5r og betingelser og enhver aftale eller manglende ud\u00f8velse af en mulighed for at opsige, skal ikke fortolkes som afkald p\u00e5 s\u00e5danne bestemmelser og p\u00e5virker ikke gyldigheden af \u200b\u200bdisse vilk\u00e5r og betingelser eller af nogen Aftale eller enhver del deraf eller retten derefter til at h\u00e5ndh\u00e6ve hver eneste bestemmelse.<\/p>\n<h4>20. Sprog<\/h4>\n<p>Disse vilk\u00e5r og betingelser fortolkes og fortolkes udelukkende p\u00e5 dansk.\u00a0Alle meddelelser og korrespondance skrives udelukkende p\u00e5 dette sprog.<\/p>\n<h4>21. Hele aftalen<\/h4>\n<p>Disse vilk\u00e5r og betingelser, sammen med vores\u00a0<a href=\"https:\/\/tandfeen.dk\/en\/privatlivspolitik\/\">privatlivspolitik<\/a>\u00a0og\u00a0<a href=\"https:\/\/tandfeen.dk\/en\/cookiepolitik-eu\/\">cookie-politik<\/a>\u00a0, udg\u00f8r hele aftalen mellem dig og Tandfeen i forhold til din brug af dette websted.<\/p>\n<h4>22. Opdatering af disse vilk\u00e5r og betingelser<\/h4>\n<p>Vi opdaterer muligvis disse vilk\u00e5r og betingelser fra tid til anden.\u00a0Det er din forpligtelse at regelm\u00e6ssigt kontrollere disse vilk\u00e5r og betingelser for \u00e6ndringer eller opdateringer.\u00a0Datoen angivet i begyndelsen af \u200b\u200bdisse vilk\u00e5r og betingelser er den seneste dato for revision.\u00a0\u00c6ndringer i disse vilk\u00e5r og betingelser tr\u00e6der i kraft, n\u00e5r s\u00e5danne \u00e6ndringer offentligg\u00f8res p\u00e5 dette websted.\u00a0Din fortsatte brug af dette websted efter offentligg\u00f8relse af \u00e6ndringer eller opdateringer betragtes som meddelelse om din accept for at overholde og v\u00e6re bundet af disse vilk\u00e5r og betingelser.<\/p>\n<h4>23. Valg af lov og jurisdiktion<\/h4>\n<p>Disse vilk\u00e5r og betingelser er underlagt dansk lovgivning.\u00a0Eventuelle tvister i forbindelse med disse vilk\u00e5r og betingelser er underlagt jurisdiktion for domstole i Danmark.\u00a0Hvis en del eller bestemmelse i disse vilk\u00e5r og betingelser finder sted af en domstol eller anden myndighed som ugyldig og \/ eller ikke kan h\u00e5ndh\u00e6ves i henhold til g\u00e6ldende lov, vil en s\u00e5dan del eller bestemmelse blive \u00e6ndret, slettet og \/ eller h\u00e5ndh\u00e6vet i det maksimalt tilladte omfang, s\u00e5 give virkning til hensigten med disse vilk\u00e5r og betingelser.\u00a0De \u00f8vrige bestemmelser p\u00e5virkes ikke.<\/p>\n<h4>24. Kontaktoplysninger<\/h4>\n<p>Dette websted ejes og drives af Tandfeen.<\/p>\n<p>Du kan kontakte os ang\u00e5ende disse vilk\u00e5r og betingelser\u00a0<span style=\"font-size: inherit;\">ved at skrive eller maile os p\u00e5 f\u00f8lgende adresse:\u00a0<\/span><a style=\"font-size: inherit;\">post@tandfeen.dk<\/a><\/p>\n<p>Rosenkrantzgade 4A, st.<br \/>8000 \u00c5rhus C<\/p>\n<p>Vores komplette lovgivningsm\u00e6ssige og lovgivningsm\u00e6ssige oplysninger kan findes p\u00e5\u00a0<a href=\"https:\/\/tandfeen.dk\/en\/ansvarsfraskrivelse\/\">denne side<\/a>\u00a0.<\/p>\n<p>\u00a0<\/p>\n\n\n<p><\/p>","protected":false},"excerpt":{"rendered":"<p>Vilk\u00e5rene blev sidst opdateret den 16. maj 2021 1. Introduktion Disse vilk\u00e5r og betingelser g\u00e6lder for dette websted og for transaktioner relateret til vores produkter og tjenester.\u00a0Du kan v\u00e6re bundet af yderligere kontrakter relateret til dit forhold til os eller andre produkter eller tjenester, som du modtager fra os.\u00a0Hvis nogen af \u200b\u200bbestemmelserne i de supplerende [&hellip;]<\/p>\n","protected":false},"author":1,"featured_media":0,"parent":0,"menu_order":0,"comment_status":"closed","ping_status":"closed","template":"","meta":{"footnotes":""},"class_list":["post-3088","page","type-page","status-publish","hentry"],"_links":{"self":[{"href":"https:\/\/tandfeen.dk\/en\/wp-json\/wp\/v2\/pages\/3088","targetHints":{"allow":["GET"]}}],"collection":[{"href":"https:\/\/tandfeen.dk\/en\/wp-json\/wp\/v2\/pages"}],"about":[{"href":"https:\/\/tandfeen.dk\/en\/wp-json\/wp\/v2\/types\/page"}],"author":[{"embeddable":true,"href":"https:\/\/tandfeen.dk\/en\/wp-json\/wp\/v2\/users\/1"}],"replies":[{"embeddable":true,"href":"https:\/\/tandfeen.dk\/en\/wp-json\/wp\/v2\/comments?post=3088"}],"version-history":[{"count":9,"href":"https:\/\/tandfeen.dk\/en\/wp-json\/wp\/v2\/pages\/3088\/revisions"}],"predecessor-version":[{"id":3108,"href":"https:\/\/tandfeen.dk\/en\/wp-json\/wp\/v2\/pages\/3088\/revisions\/3108"}],"wp:attachment":[{"href":"https:\/\/tandfeen.dk\/en\/wp-json\/wp\/v2\/media?parent=3088"}],"curies":[{"name":"wp","href":"https:\/\/api.w.org\/{rel}","templated":true}]}}